{"id":88,"date":"2026-01-25T15:36:00","date_gmt":"2026-01-25T15:36:00","guid":{"rendered":"https:\/\/bmb-lab.hr\/?page_id=88"},"modified":"2026-02-26T14:42:31","modified_gmt":"2026-02-26T14:42:31","slug":"proizvodi","status":"publish","type":"page","link":"https:\/\/bmb-lab.hr\/?page_id=88","title":{"rendered":"Proizvodi"},"content":{"rendered":"\n<div class=\"wp-block-group\"><div class=\"wp-block-group__inner-container is-layout-constrained wp-block-group-is-layout-constrained\">\n<details class=\"wp-block-details is-layout-flow wp-block-details-is-layout-flow\"><summary>manometri<\/summary>\n<p>manometri s bourdonovom cijevi, manometri s membranskom komorom, manometri, membranski manometri, apsolutni manometri<\/p>\n<\/details>\n<\/div><\/div>\n\n\n\n<details class=\"wp-block-details is-layout-flow wp-block-details-is-layout-flow\"><summary>termometri<\/summary>\n<p>bimetalni termometri, strojni termometri<\/p>\n<\/details>\n\n\n\n<details class=\"wp-block-details is-layout-flow wp-block-details-is-layout-flow\"><summary>digitalni manometri<\/summary>\n<p><\/p>\n<\/details>\n\n\n\n<details class=\"wp-block-details is-layout-flow wp-block-details-is-layout-flow\"><summary>digitalni termometri<\/summary>\n<details class=\"wp-block-details is-layout-flow wp-block-details-is-layout-flow\"><summary>mjerila nivoa<\/summary>\n<p><\/p>\n<\/details>\n<\/details>\n\n\n\n<details class=\"wp-block-details is-layout-flow wp-block-details-is-layout-flow\"><summary>mjerila sile<\/summary>\n<p><\/p>\n<\/details>\n\n\n\n<details class=\"wp-block-details is-layout-flow wp-block-details-is-layout-flow\"><summary>mjerila protoka<\/summary>\n<p><\/p>\n<\/details>\n\n\n\n<details class=\"wp-block-details is-layout-flow wp-block-details-is-layout-flow\"><summary>kalibracijska oprema<\/summary>\n<p>tla\u010dne vage, ru\u010dni kalibratori, temperaturne kupke, temperaturni kalibratori, pneumatske ru\u010dne pumpe, hidrauli\u010dne pumpe<\/p>\n\n\n\n<p><\/p>\n<\/details>\n\n\n\n<p><\/p>\n\n\n\n<p><\/p>\n","protected":false},"excerpt":{"rendered":"","protected":false},"author":1,"featured_media":0,"parent":0,"menu_order":0,"comment_status":"closed","ping_status":"closed","template":"","meta":{"footnotes":""},"class_list":["post-88","page","type-page","status-publish","hentry"],"_links":{"self":[{"href":"https:\/\/bmb-lab.hr\/index.php?rest_route=\/wp\/v2\/pages\/88","targetHints":{"allow":["GET"]}}],"collection":[{"href":"https:\/\/bmb-lab.hr\/index.php?rest_route=\/wp\/v2\/pages"}],"about":[{"href":"https:\/\/bmb-lab.hr\/index.php?rest_route=\/wp\/v2\/types\/page"}],"author":[{"embeddable":true,"href":"https:\/\/bmb-lab.hr\/index.php?rest_route=\/wp\/v2\/users\/1"}],"replies":[{"embeddable":true,"href":"https:\/\/bmb-lab.hr\/index.php?rest_route=%2Fwp%2Fv2%2Fcomments&post=88"}],"version-history":[{"count":11,"href":"https:\/\/bmb-lab.hr\/index.php?rest_route=\/wp\/v2\/pages\/88\/revisions"}],"predecessor-version":[{"id":149,"href":"https:\/\/bmb-lab.hr\/index.php?rest_route=\/wp\/v2\/pages\/88\/revisions\/149"}],"wp:attachment":[{"href":"https:\/\/bmb-lab.hr\/index.php?rest_route=%2Fwp%2Fv2%2Fmedia&parent=88"}],"curies":[{"name":"wp","href":"https:\/\/api.w.org\/{rel}","templated":true}]}}