{"id":86,"date":"2026-01-25T15:33:00","date_gmt":"2026-01-25T15:33:00","guid":{"rendered":"https:\/\/bmb-lab.hr\/?page_id=86"},"modified":"2026-01-25T16:51:10","modified_gmt":"2026-01-25T16:51:10","slug":"o-nama","status":"publish","type":"page","link":"https:\/\/bmb-lab.hr\/?page_id=86","title":{"rendered":"O nama"},"content":{"rendered":"\n<p>BMB Lab d.o.o. je tvrtka koja nastavlja dugogodi\u0161nju tradiciju u prodaji mjerne opreme za tlak, tempereturu i relativnu vla\u017enost. Distributer smo svjetski poznatog proizvo\u0111a\u010da mjernih instrumenata \u2013 WIKA Alexander Wiegand.<\/p>\n","protected":false},"excerpt":{"rendered":"<p>BMB Lab d.o.o. je tvrtka koja nastavlja dugogodi\u0161nju tradiciju u prodaji mjerne opreme za tlak, tempereturu i relativnu vla\u017enost. Distributer smo svjetski poznatog proizvo\u0111a\u010da mjernih instrumenata \u2013 WIKA Alexander Wiegand.<\/p>\n","protected":false},"author":1,"featured_media":0,"parent":0,"menu_order":0,"comment_status":"closed","ping_status":"closed","template":"","meta":{"footnotes":""},"class_list":["post-86","page","type-page","status-publish","hentry"],"_links":{"self":[{"href":"https:\/\/bmb-lab.hr\/index.php?rest_route=\/wp\/v2\/pages\/86","targetHints":{"allow":["GET"]}}],"collection":[{"href":"https:\/\/bmb-lab.hr\/index.php?rest_route=\/wp\/v2\/pages"}],"about":[{"href":"https:\/\/bmb-lab.hr\/index.php?rest_route=\/wp\/v2\/types\/page"}],"author":[{"embeddable":true,"href":"https:\/\/bmb-lab.hr\/index.php?rest_route=\/wp\/v2\/users\/1"}],"replies":[{"embeddable":true,"href":"https:\/\/bmb-lab.hr\/index.php?rest_route=%2Fwp%2Fv2%2Fcomments&post=86"}],"version-history":[{"count":2,"href":"https:\/\/bmb-lab.hr\/index.php?rest_route=\/wp\/v2\/pages\/86\/revisions"}],"predecessor-version":[{"id":116,"href":"https:\/\/bmb-lab.hr\/index.php?rest_route=\/wp\/v2\/pages\/86\/revisions\/116"}],"wp:attachment":[{"href":"https:\/\/bmb-lab.hr\/index.php?rest_route=%2Fwp%2Fv2%2Fmedia&parent=86"}],"curies":[{"name":"wp","href":"https:\/\/api.w.org\/{rel}","templated":true}]}}